{"id":1643,"date":"2021-12-21T09:46:38","date_gmt":"2021-12-21T09:46:38","guid":{"rendered":"https:\/\/startersites.io\/elementor\/homi\/?page_id=7"},"modified":"2026-04-21T00:01:45","modified_gmt":"2026-04-21T00:01:45","slug":"hakkimizda","status":"publish","type":"page","link":"https:\/\/hobiciler.com\/?page_id=1643","title":{"rendered":"Hakk\u0131m\u0131zda"},"content":{"rendered":"\t\t<div data-elementor-type=\"wp-page\" data-elementor-id=\"1643\" class=\"elementor elementor-1643\">\n\t\t\t\t<div class=\"elementor-element elementor-element-74803a8 e-con-full e-flex e-con e-parent\" data-id=\"74803a8\" data-element_type=\"container\" data-e-type=\"container\">\n\t\t\t\t<div class=\"elementor-element elementor-element-8130fd7 elementor-widget elementor-widget-image\" data-id=\"8130fd7\" data-element_type=\"widget\" data-e-type=\"widget\" data-widget_type=\"image.default\">\n\t\t\t\t\t\t\t\t\t\t\t\t\t\t\t<img fetchpriority=\"high\" decoding=\"async\" width=\"1408\" height=\"768\" src=\"https:\/\/hobiciler.com\/wp-content\/uploads\/2026\/04\/mm.png\" class=\"attachment-full size-full wp-image-1773\" alt=\"\" srcset=\"https:\/\/hobiciler.com\/wp-content\/uploads\/2026\/04\/mm.png 1408w, https:\/\/hobiciler.com\/wp-content\/uploads\/2026\/04\/mm-300x164.png 300w, https:\/\/hobiciler.com\/wp-content\/uploads\/2026\/04\/mm-1024x559.png 1024w, https:\/\/hobiciler.com\/wp-content\/uploads\/2026\/04\/mm-768x419.png 768w, https:\/\/hobiciler.com\/wp-content\/uploads\/2026\/04\/mm-600x327.png 600w\" sizes=\"(max-width: 1408px) 100vw, 1408px\" \/>\t\t\t\t\t\t\t\t\t\t\t\t\t\t\t<\/div>\n\t\t\t\t<\/div>\n\t\t<div class=\"elementor-element elementor-element-4ab5def e-flex e-con-boxed e-con e-parent\" data-id=\"4ab5def\" data-element_type=\"container\" data-e-type=\"container\">\n\t\t\t\t\t<div class=\"e-con-inner\">\n\t\t\t\t\t\t\t<h2 \n\t\tdata-interaction-id=\"b1aefc2\" \n\t\tclass=\"e-heading-base\" \n\t\t \n\t\t\n\t>\n\t\n\t\t\tSanat\u0131n ve Yarat\u0131c\u0131l\u0131\u011f\u0131n Bulu\u015fma Noktas\u0131: Hobiciler.com\n\t\t<\/h2>\n\t\t\t\t\t<\/div>\n\t\t\t\t<\/div>\n\t\t<div class=\"elementor-element elementor-element-1c98455 e-flex e-con-boxed e-con e-parent\" data-id=\"1c98455\" data-element_type=\"container\" data-e-type=\"container\">\n\t\t\t\t\t<div class=\"e-con-inner\">\n\t\t\t\t\t\t\t\t<p class=\"e-paragraph-base\" data-interaction-id=\"8a55e79\"  >\n\t\t\t\t\t\t\t\t<strong>2010\u2019dan G\u00fcn\u00fcm\u00fcze Uzanan Bir Tutku<\/strong>Her b\u00fcy\u00fck sanat eseri, k\u00fc\u00e7\u00fck bir hobiyle ba\u015flar. <strong>Hobiciler.com<\/strong> olarak yolculu\u011fumuz, 2010 y\u0131l\u0131nda \u0130stanbul\u2019un tarihi ve k\u00fclt\u00fcrel dokusuyla ilham veren semti <strong>\u00dcsk\u00fcdar\u2019da<\/strong> ba\u015flad\u0131. Kuruldu\u011fumuz g\u00fcnden bu yana, yarat\u0131c\u0131l\u0131\u011f\u0131n s\u0131n\u0131r tan\u0131mad\u0131\u011f\u0131na ve her el eme\u011finin e\u015fsiz bir hikaye anlatt\u0131\u011f\u0131na inan\u0131yoruz. Sanata duydu\u011fumuz sayg\u0131 ve \u00fcretim heyecan\u0131m\u0131zla, 14 y\u0131l\u0131 a\u015fk\u0131n s\u00fcredir hobi d\u00fcnyas\u0131na profesyonel \u00e7\u00f6z\u00fcmler sunuyoruz.<strong>                            Kalite ve Deneyimle Yan\u0131n\u0131zday\u0131z<\/strong>Epoksi sanat\u0131ndan tak\u0131 tasar\u0131m\u0131na kadar geni\u015f bir alanda, projelerinizin kusursuz olmas\u0131 i\u00e7in sadece malzeme de\u011fil, k\u00f6kl\u00fc bir deneyim sunuyoruz. Y\u00fcksek kaliteli epoksi re\u00e7inelerimiz, her detay\u0131 d\u00fc\u015f\u00fcnen dayan\u0131kl\u0131 silikon kal\u0131plar\u0131m\u0131z, tasar\u0131mlar\u0131n\u0131za do\u011fall\u0131k katan kurutulmu\u015f \u00e7i\u00e7eklerimiz ve i\u015finizi kolayla\u015ft\u0131ran hobi el aletlerimizle her ad\u0131mda yan\u0131n\u0131zday\u0131z. \u00dcsk\u00fcdar'daki k\u00f6klerimizden ald\u0131\u011f\u0131m\u0131z g\u00fc\u00e7 ve modern e-ticaret altyap\u0131m\u0131zla, arad\u0131\u011f\u0131n\u0131z malzemeye en g\u00fcvenli \u015fekilde ula\u015fman\u0131z\u0131 sa\u011fl\u0131yoruz.<strong>                             Birlikte \u00dcretmeye Devam Ediyoruz <\/strong>Bizim i\u00e7in ba\u015far\u0131, sadece bir \u00fcr\u00fcn sunmak de\u011fil; sizin ellerinizde \u015fekillenen o muhte\u015fem sonuca tan\u0131kl\u0131k etmektir. <strong>Hobiciler.com<\/strong>, hobi tutkunlar\u0131n\u0131n g\u00fcvenle al\u0131\u015fveri\u015f yapt\u0131\u011f\u0131 ve ilham ald\u0131\u011f\u0131 bir topluluk olma vizyonuyla hareket eder. Her t\u00fcrl\u00fc sorunuz ve destek ihtiyac\u0131n\u0131z i\u00e7in <strong>0530 949 47 74<\/strong> numaral\u0131 hatt\u0131m\u0131zdan bize ula\u015fabilirsiniz. \"Siz hayal edin, biz \u015fekillendirelim\" mottosuyla, \u00fcretim yolculu\u011funuzun en sad\u0131k destek\u00e7isi olmaya devam edece\u011fiz.\n\t\t\t\t\t<\/p>\n\t\t\t\t\t<\/div>\n\t\t\t\t<\/div>\n\t\t\t\t<\/div>\n\t\t","protected":false},"excerpt":{"rendered":"<p>Sanat\u0131n ve Yarat\u0131c\u0131l\u0131\u011f\u0131n Bulu\u015fma Noktas\u0131: Hobiciler.com 2010\u2019dan G\u00fcn\u00fcm\u00fcze Uzanan Bir TutkuHer b\u00fcy\u00fck sanat eseri, k\u00fc\u00e7\u00fck bir hobiyle ba\u015flar. Hobiciler.com olarak yolculu\u011fumuz, 2010 y\u0131l\u0131nda \u0130stanbul\u2019un tarihi ve k\u00fclt\u00fcrel dokusuyla ilham veren semti \u00dcsk\u00fcdar\u2019da ba\u015flad\u0131. Kuruldu\u011fumuz g\u00fcnden bu yana, yarat\u0131c\u0131l\u0131\u011f\u0131n s\u0131n\u0131r tan\u0131mad\u0131\u011f\u0131na ve her el eme\u011finin e\u015fsiz bir hikaye anlatt\u0131\u011f\u0131na inan\u0131yoruz. Sanata duydu\u011fumuz sayg\u0131 ve \u00fcretim heyecan\u0131m\u0131zla, [&hellip;]<\/p>\n","protected":false},"author":1,"featured_media":0,"parent":0,"menu_order":0,"comment_status":"closed","ping_status":"closed","template":"","meta":{"footnotes":""},"class_list":["post-1643","page","type-page","status-publish","hentry"],"blocksy_meta":{"styles_descriptor":{"styles":{"desktop":"","tablet":"","mobile":""},"google_fonts":[],"version":6}},"_links":{"self":[{"href":"https:\/\/hobiciler.com\/index.php?rest_route=\/wp\/v2\/pages\/1643","targetHints":{"allow":["GET"]}}],"collection":[{"href":"https:\/\/hobiciler.com\/index.php?rest_route=\/wp\/v2\/pages"}],"about":[{"href":"https:\/\/hobiciler.com\/index.php?rest_route=\/wp\/v2\/types\/page"}],"author":[{"embeddable":true,"href":"https:\/\/hobiciler.com\/index.php?rest_route=\/wp\/v2\/users\/1"}],"replies":[{"embeddable":true,"href":"https:\/\/hobiciler.com\/index.php?rest_route=%2Fwp%2Fv2%2Fcomments&post=1643"}],"version-history":[{"count":4,"href":"https:\/\/hobiciler.com\/index.php?rest_route=\/wp\/v2\/pages\/1643\/revisions"}],"predecessor-version":[{"id":1789,"href":"https:\/\/hobiciler.com\/index.php?rest_route=\/wp\/v2\/pages\/1643\/revisions\/1789"}],"wp:attachment":[{"href":"https:\/\/hobiciler.com\/index.php?rest_route=%2Fwp%2Fv2%2Fmedia&parent=1643"}],"curies":[{"name":"wp","href":"https:\/\/api.w.org\/{rel}","templated":true}]}}