{"id":1644,"date":"2021-12-21T09:46:38","date_gmt":"2021-12-21T09:46:38","guid":{"rendered":"https:\/\/startersites.io\/elementor\/homi\/?page_id=8"},"modified":"2026-04-21T00:06:47","modified_gmt":"2026-04-21T00:06:47","slug":"iletisim","status":"publish","type":"page","link":"https:\/\/hobiciler.com\/?page_id=1644","title":{"rendered":"\u0130leti\u015fim"},"content":{"rendered":"\t\t<div data-elementor-type=\"wp-page\" data-elementor-id=\"1644\" class=\"elementor elementor-1644\">\n\t\t\t\t<div class=\"elementor-element elementor-element-1f74cc6 e-con-full e-flex e-con e-parent\" data-id=\"1f74cc6\" data-element_type=\"container\" data-e-type=\"container\">\n\t\t\t\t<div class=\"elementor-element elementor-element-08ef407 elementor-widget elementor-widget-image\" data-id=\"08ef407\" data-element_type=\"widget\" data-e-type=\"widget\" data-widget_type=\"image.default\">\n\t\t\t\t\t\t\t\t\t\t\t\t\t\t\t<img fetchpriority=\"high\" decoding=\"async\" width=\"1408\" height=\"768\" src=\"https:\/\/hobiciler.com\/wp-content\/uploads\/2026\/04\/iletisim.png\" class=\"attachment-full size-full wp-image-1780\" alt=\"\" srcset=\"https:\/\/hobiciler.com\/wp-content\/uploads\/2026\/04\/iletisim.png 1408w, https:\/\/hobiciler.com\/wp-content\/uploads\/2026\/04\/iletisim-300x164.png 300w, https:\/\/hobiciler.com\/wp-content\/uploads\/2026\/04\/iletisim-1024x559.png 1024w, https:\/\/hobiciler.com\/wp-content\/uploads\/2026\/04\/iletisim-768x419.png 768w, https:\/\/hobiciler.com\/wp-content\/uploads\/2026\/04\/iletisim-600x327.png 600w\" sizes=\"(max-width: 1408px) 100vw, 1408px\" \/>\t\t\t\t\t\t\t\t\t\t\t\t\t\t\t<\/div>\n\t\t\t\t<\/div>\n\t\t<div class=\"elementor-element elementor-element-e40164f e-flex e-con-boxed e-con e-parent\" data-id=\"e40164f\" data-element_type=\"container\" data-e-type=\"container\">\n\t\t\t\t\t<div class=\"e-con-inner\">\n\t\t<div class=\"elementor-element elementor-element-b250d92 e-con-full e-flex e-con e-child\" data-id=\"b250d92\" data-element_type=\"container\" data-e-type=\"container\">\n\t\t\t\t<div class=\"elementor-element elementor-element-264c68d elementor-position-inline-start elementor-view-default elementor-mobile-position-block-start elementor-widget elementor-widget-icon-box\" data-id=\"264c68d\" data-element_type=\"widget\" data-e-type=\"widget\" data-widget_type=\"icon-box.default\">\n\t\t\t\t\t\t\t<div class=\"elementor-icon-box-wrapper\">\n\n\t\t\t\t\t\t<div class=\"elementor-icon-box-icon\">\n\t\t\t\t<span  class=\"elementor-icon\">\n\t\t\t\t<svg aria-hidden=\"true\" class=\"e-font-icon-svg e-fas-map-marker-alt\" viewBox=\"0 0 384 512\" xmlns=\"http:\/\/www.w3.org\/2000\/svg\"><path d=\"M172.268 501.67C26.97 291.031 0 269.413 0 192 0 85.961 85.961 0 192 0s192 85.961 192 192c0 77.413-26.97 99.031-172.268 309.67-9.535 13.774-29.93 13.773-39.464 0zM192 272c44.183 0 80-35.817 80-80s-35.817-80-80-80-80 35.817-80 80 35.817 80 80 80z\"><\/path><\/svg>\t\t\t\t<\/span>\n\t\t\t<\/div>\n\t\t\t\n\t\t\t\t\t\t<div class=\"elementor-icon-box-content\">\n\n\t\t\t\t\t\t\t\t\t<h3 class=\"elementor-icon-box-title\">\n\t\t\t\t\t\t<span  >\n\t\t\t\t\t\t\tAdres\t\t\t\t\t\t<\/span>\n\t\t\t\t\t<\/h3>\n\t\t\t\t\n\t\t\t\t\t\t\t\t\t<p class=\"elementor-icon-box-description\">\n\t\t\t\t\t\t\u00dcsk\u00fcdar \/ \u0130stanbul\t\t\t\t\t<\/p>\n\t\t\t\t\n\t\t\t<\/div>\n\t\t\t\n\t\t<\/div>\n\t\t\t\t\t\t<\/div>\n\t\t\t\t<div class=\"elementor-element elementor-element-29b52f0 elementor-position-inline-start elementor-view-default elementor-mobile-position-block-start elementor-widget elementor-widget-icon-box\" data-id=\"29b52f0\" data-element_type=\"widget\" data-e-type=\"widget\" data-widget_type=\"icon-box.default\">\n\t\t\t\t\t\t\t<div class=\"elementor-icon-box-wrapper\">\n\n\t\t\t\t\t\t<div class=\"elementor-icon-box-icon\">\n\t\t\t\t<span  class=\"elementor-icon\">\n\t\t\t\t<svg aria-hidden=\"true\" class=\"e-font-icon-svg e-fas-envelope\" viewBox=\"0 0 512 512\" xmlns=\"http:\/\/www.w3.org\/2000\/svg\"><path d=\"M502.3 190.8c3.9-3.1 9.7-.2 9.7 4.7V400c0 26.5-21.5 48-48 48H48c-26.5 0-48-21.5-48-48V195.6c0-5 5.7-7.8 9.7-4.7 22.4 17.4 52.1 39.5 154.1 113.6 21.1 15.4 56.7 47.8 92.2 47.6 35.7.3 72-32.8 92.3-47.6 102-74.1 131.6-96.3 154-113.7zM256 320c23.2.4 56.6-29.2 73.4-41.4 132.7-96.3 142.8-104.7 173.4-128.7 5.8-4.5 9.2-11.5 9.2-18.9v-19c0-26.5-21.5-48-48-48H48C21.5 64 0 85.5 0 112v19c0 7.4 3.4 14.3 9.2 18.9 30.6 23.9 40.7 32.4 173.4 128.7 16.8 12.2 50.2 41.8 73.4 41.4z\"><\/path><\/svg>\t\t\t\t<\/span>\n\t\t\t<\/div>\n\t\t\t\n\t\t\t\t\t\t<div class=\"elementor-icon-box-content\">\n\n\t\t\t\t\t\t\t\t\t<h3 class=\"elementor-icon-box-title\">\n\t\t\t\t\t\t<span  >\n\t\t\t\t\t\t\tE-Posta Adresi\t\t\t\t\t\t<\/span>\n\t\t\t\t\t<\/h3>\n\t\t\t\t\n\t\t\t\t\t\t\t\t\t<p class=\"elementor-icon-box-description\">\n\t\t\t\t\t\tdestek@hobiciler.com <br \/>\nhobiciler.magaza@gmail.com\t\t\t\t\t<\/p>\n\t\t\t\t\n\t\t\t<\/div>\n\t\t\t\n\t\t<\/div>\n\t\t\t\t\t\t<\/div>\n\t\t\t\t<div class=\"elementor-element elementor-element-23bc190 elementor-position-inline-start elementor-view-default elementor-mobile-position-block-start elementor-widget elementor-widget-icon-box\" data-id=\"23bc190\" data-element_type=\"widget\" data-e-type=\"widget\" data-widget_type=\"icon-box.default\">\n\t\t\t\t\t\t\t<div class=\"elementor-icon-box-wrapper\">\n\n\t\t\t\t\t\t<div class=\"elementor-icon-box-icon\">\n\t\t\t\t<span  class=\"elementor-icon\">\n\t\t\t\t<svg aria-hidden=\"true\" class=\"e-font-icon-svg e-fas-phone-alt\" viewBox=\"0 0 512 512\" xmlns=\"http:\/\/www.w3.org\/2000\/svg\"><path d=\"M497.39 361.8l-112-48a24 24 0 0 0-28 6.9l-49.6 60.6A370.66 370.66 0 0 1 130.6 204.11l60.6-49.6a23.94 23.94 0 0 0 6.9-28l-48-112A24.16 24.16 0 0 0 122.6.61l-104 24A24 24 0 0 0 0 48c0 256.5 207.9 464 464 464a24 24 0 0 0 23.4-18.6l24-104a24.29 24.29 0 0 0-14.01-27.6z\"><\/path><\/svg>\t\t\t\t<\/span>\n\t\t\t<\/div>\n\t\t\t\n\t\t\t\t\t\t<div class=\"elementor-icon-box-content\">\n\n\t\t\t\t\t\t\t\t\t<h3 class=\"elementor-icon-box-title\">\n\t\t\t\t\t\t<span  >\n\t\t\t\t\t\t\t\u0130leti\u015fim Numaras\u0131\t\t\t\t\t\t<\/span>\n\t\t\t\t\t<\/h3>\n\t\t\t\t\n\t\t\t\t\t\t\t\t\t<p class=\"elementor-icon-box-description\">\n\t\t\t\t\t\t+90 530 949 4774\t\t\t\t\t<\/p>\n\t\t\t\t\n\t\t\t<\/div>\n\t\t\t\n\t\t<\/div>\n\t\t\t\t\t\t<\/div>\n\t\t\t\t<\/div>\n\t\t<div class=\"elementor-element elementor-element-9435592 e-con-full e-flex e-con e-child\" data-id=\"9435592\" data-element_type=\"container\" data-e-type=\"container\" data-settings=\"{&quot;background_background&quot;:&quot;classic&quot;}\">\n\t\t\t\t<div class=\"elementor-element elementor-element-2d11843 elementor-widget elementor-widget-heading\" data-id=\"2d11843\" data-element_type=\"widget\" data-e-type=\"widget\" data-widget_type=\"heading.default\">\n\t\t\t\t\t<h3 class=\"elementor-heading-title elementor-size-default\">Bize bir mesaj g\u00f6nderin<\/h3>\t\t\t\t<\/div>\n\t\t\t\t<\/div>\n\t\t\t\t\t<\/div>\n\t\t\t\t<\/div>\n\t\t<div class=\"elementor-element elementor-element-2fd5617 e-flex e-con-boxed e-con e-parent\" data-id=\"2fd5617\" data-element_type=\"container\" data-e-type=\"container\">\n\t\t\t\t\t<div class=\"e-con-inner\">\n\t\t\t\t<div class=\"elementor-element elementor-element-e949441 elementor-widget elementor-widget-heading\" data-id=\"e949441\" data-element_type=\"widget\" data-e-type=\"widget\" data-widget_type=\"heading.default\">\n\t\t\t\t\t<h3 class=\"elementor-heading-title elementor-size-default\">Yeni Trend Olanlar<\/h3>\t\t\t\t<\/div>\n\t\t\t\t<div class=\"elementor-element elementor-element-00476d1 elementor-align-right elementor-mobile-align-center elementor-tablet-align-right elementor-widget elementor-widget-button\" data-id=\"00476d1\" data-element_type=\"widget\" data-e-type=\"widget\" data-widget_type=\"button.default\">\n\t\t\t\t\t\t\t\t\t\t<a class=\"elementor-button elementor-button-link elementor-size-md\" href=\"#\">\n\t\t\t\t\t\t<span class=\"elementor-button-content-wrapper\">\n\t\t\t\t\t\t<span class=\"elementor-button-icon\">\n\t\t\t\t<svg aria-hidden=\"true\" class=\"e-font-icon-svg e-fas-arrow-right\" viewBox=\"0 0 448 512\" xmlns=\"http:\/\/www.w3.org\/2000\/svg\"><path d=\"M190.5 66.9l22.2-22.2c9.4-9.4 24.6-9.4 33.9 0L441 239c9.4 9.4 9.4 24.6 0 33.9L246.6 467.3c-9.4 9.4-24.6 9.4-33.9 0l-22.2-22.2c-9.5-9.5-9.3-25 .4-34.3L311.4 296H24c-13.3 0-24-10.7-24-24v-32c0-13.3 10.7-24 24-24h287.4L190.9 101.2c-9.8-9.3-10-24.8-.4-34.3z\"><\/path><\/svg>\t\t\t<\/span>\n\t\t\t\t\t\t\t\t\t<span class=\"elementor-button-text\">Ma\u011fazaya G\u00f6z At\u0131n<\/span>\n\t\t\t\t\t<\/span>\n\t\t\t\t\t<\/a>\n\t\t\t\t\t\t\t\t<\/div>\n\t\t\t\t\t<\/div>\n\t\t\t\t<\/div>\n\t\t<div class=\"elementor-element elementor-element-2ec0575 e-flex e-con-boxed e-con e-parent\" data-id=\"2ec0575\" data-element_type=\"container\" data-e-type=\"container\">\n\t\t\t\t\t<div class=\"e-con-inner\">\n\t\t\t\t<div class=\"elementor-element elementor-element-b0afefb elementor-widget elementor-widget-shortcode\" data-id=\"b0afefb\" data-element_type=\"widget\" data-e-type=\"widget\" data-widget_type=\"shortcode.default\">\n\t\t\t\t\t\t\t<div class=\"elementor-shortcode\"><div class=\"woocommerce columns-4 \"><ul class=\"products columns-4\" data-products=\"type-1\" data-hover=\"zoom-in\">\n<li class=\"product type-product post-1868 status-publish first instock product_cat-epoksi-silikon-kaliplari product_cat-kolye-ve-anahtarlik-kaliplari product_tag-anahtarlik-kalibi product_tag-epoksi-kalibi product_tag-epoksi-recine product_tag-kolye-kalibi product_tag-kupe-kalibi product_tag-silikon-kalip has-post-thumbnail sale taxable shipping-taxable purchasable product-type-simple\">\n\t<a href=\"https:\/\/hobiciler.com\/?product=epoksi-deniz-tema-figurleri-deniz-ati-deniz-kizi-kuyrugu-deniz-yildizi-kolye-kalibi-2\" class=\"woocommerce-LoopProduct-link woocommerce-loop-product__link\">\n\t<span class=\"onsale\" data-shape=\"type-1\">10% OFF<\/span>\n\t<img decoding=\"async\" width=\"300\" height=\"300\" src=\"https:\/\/hobiciler.com\/wp-content\/uploads\/2026\/04\/epoksi-delikli-sevimli-hayvan-figurleri-kolye-ve-kupe-kalibi-6-640x640-1-300x300.jpg\" class=\"attachment-woocommerce_thumbnail size-woocommerce_thumbnail\" alt=\"Epoksi Delikli Sevimli Hayvan Fig\u00fcrleri Kolye Ve K\u00fcpe Kal\u0131b\u0131 6 L\u0131\" srcset=\"https:\/\/hobiciler.com\/wp-content\/uploads\/2026\/04\/epoksi-delikli-sevimli-hayvan-figurleri-kolye-ve-kupe-kalibi-6-640x640-1-300x300.jpg 300w, https:\/\/hobiciler.com\/wp-content\/uploads\/2026\/04\/epoksi-delikli-sevimli-hayvan-figurleri-kolye-ve-kupe-kalibi-6-640x640-1-150x150.jpg 150w, https:\/\/hobiciler.com\/wp-content\/uploads\/2026\/04\/epoksi-delikli-sevimli-hayvan-figurleri-kolye-ve-kupe-kalibi-6-640x640-1-600x600.jpg 600w, https:\/\/hobiciler.com\/wp-content\/uploads\/2026\/04\/epoksi-delikli-sevimli-hayvan-figurleri-kolye-ve-kupe-kalibi-6-640x640-1-100x100.jpg 100w, https:\/\/hobiciler.com\/wp-content\/uploads\/2026\/04\/epoksi-delikli-sevimli-hayvan-figurleri-kolye-ve-kupe-kalibi-6-640x640-1.jpg 640w\" sizes=\"(max-width: 300px) 100vw, 300px\" \/><h2 class=\"woocommerce-loop-product__title\">Epoksi Delikli Sevimli Hayvan Fig\u00fcrleri Kolye Ve K\u00fcpe Kal\u0131b\u0131 6 L\u0131<\/h2>\n\t<span class=\"price\"><span class=\"sale-price\"><del aria-hidden=\"true\"><span class=\"woocommerce-Price-amount amount\"><bdi><span class=\"woocommerce-Price-currencySymbol\">&#8378;<\/span>105,00<\/bdi><\/span><\/del> <span class=\"screen-reader-text\">Orijinal fiyat: &#8378;105,00.<\/span><ins aria-hidden=\"true\"><span class=\"woocommerce-Price-amount amount\"><bdi><span class=\"woocommerce-Price-currencySymbol\">&#8378;<\/span>95,00<\/bdi><\/span><\/ins><span class=\"screen-reader-text\">\u015eu andaki fiyat: &#8378;95,00.<\/span><\/span> <small class=\"woocommerce-price-suffix\">Vergi dahil<\/small><\/span>\n<\/a><a href=\"\/index.php?rest_route=%2Fwp%2Fv2%2Fpages%2F1644&#038;add-to-cart=1868\" aria-describedby=\"woocommerce_loop_add_to_cart_link_describedby_1868\" data-quantity=\"1\" class=\"button product_type_simple add_to_cart_button ajax_add_to_cart\" data-product_id=\"1868\" data-product_sku=\"Hobiciler17\" aria-label=\"Sepete ekle: \u201cEpoksi Delikli Sevimli Hayvan Fig\u00fcrleri Kolye Ve K\u00fcpe Kal\u0131b\u0131 6 L\u0131\u201d\" rel=\"nofollow\" data-success_message=\"&quot;Epoksi Delikli Sevimli Hayvan Fig\u00fcrleri Kolye Ve K\u00fcpe Kal\u0131b\u0131 6 L\u0131&quot; sepetinize eklendi\" role=\"button\">Sepete Ekle<\/a>\t<span id=\"woocommerce_loop_add_to_cart_link_describedby_1868\" class=\"screen-reader-text\">\n\t\t\t<\/span>\n<\/li>\n<li class=\"product type-product post-1867 status-publish instock product_cat-epoksi-silikon-kaliplari product_cat-kolye-ve-anahtarlik-kaliplari product_tag-anahtarlik-kalibi product_tag-epoksi-kalibi product_tag-epoksi-recine product_tag-kolye-kalibi product_tag-kupe-kalibi product_tag-silikon-kalip has-post-thumbnail sale taxable shipping-taxable purchasable product-type-simple\">\n\t<a href=\"https:\/\/hobiciler.com\/?product=epoksi-deniz-tema-figurleri-deniz-ati-deniz-kizi-kuyrugu-deniz-yildizi-kolye-kalibi\" class=\"woocommerce-LoopProduct-link woocommerce-loop-product__link\">\n\t<span class=\"onsale\" data-shape=\"type-1\">8% OFF<\/span>\n\t<img decoding=\"async\" width=\"300\" height=\"300\" src=\"https:\/\/hobiciler.com\/wp-content\/uploads\/2026\/04\/epoksi-deniz-tema-figurleri-deniz-ati-deniz-kizi-kuyrugu-deniz-yildizi-kolye-kalibi-3-640x640-1-300x300.jpg\" class=\"attachment-woocommerce_thumbnail size-woocommerce_thumbnail\" alt=\"Epoksi Deniz Tema Fig\u00fcrleri (Deniz At\u0131, Deniz K\u0131z\u0131 Kuyru\u011fu, Deniz Y\u0131ld\u0131z\u0131) Kolye Kal\u0131b\u0131\" srcset=\"https:\/\/hobiciler.com\/wp-content\/uploads\/2026\/04\/epoksi-deniz-tema-figurleri-deniz-ati-deniz-kizi-kuyrugu-deniz-yildizi-kolye-kalibi-3-640x640-1-300x300.jpg 300w, https:\/\/hobiciler.com\/wp-content\/uploads\/2026\/04\/epoksi-deniz-tema-figurleri-deniz-ati-deniz-kizi-kuyrugu-deniz-yildizi-kolye-kalibi-3-640x640-1-150x150.jpg 150w, https:\/\/hobiciler.com\/wp-content\/uploads\/2026\/04\/epoksi-deniz-tema-figurleri-deniz-ati-deniz-kizi-kuyrugu-deniz-yildizi-kolye-kalibi-3-640x640-1-600x600.jpg 600w, https:\/\/hobiciler.com\/wp-content\/uploads\/2026\/04\/epoksi-deniz-tema-figurleri-deniz-ati-deniz-kizi-kuyrugu-deniz-yildizi-kolye-kalibi-3-640x640-1-100x100.jpg 100w, https:\/\/hobiciler.com\/wp-content\/uploads\/2026\/04\/epoksi-deniz-tema-figurleri-deniz-ati-deniz-kizi-kuyrugu-deniz-yildizi-kolye-kalibi-3-640x640-1.jpg 640w\" sizes=\"(max-width: 300px) 100vw, 300px\" \/><h2 class=\"woocommerce-loop-product__title\">Epoksi Deniz Tema Fig\u00fcrleri (Deniz At\u0131, Deniz K\u0131z\u0131 Kuyru\u011fu, Deniz Y\u0131ld\u0131z\u0131) Kolye Kal\u0131b\u0131<\/h2>\n\t<span class=\"price\"><span class=\"sale-price\"><del aria-hidden=\"true\"><span class=\"woocommerce-Price-amount amount\"><bdi><span class=\"woocommerce-Price-currencySymbol\">&#8378;<\/span>125,00<\/bdi><\/span><\/del> <span class=\"screen-reader-text\">Orijinal fiyat: &#8378;125,00.<\/span><ins aria-hidden=\"true\"><span class=\"woocommerce-Price-amount amount\"><bdi><span class=\"woocommerce-Price-currencySymbol\">&#8378;<\/span>115,00<\/bdi><\/span><\/ins><span class=\"screen-reader-text\">\u015eu andaki fiyat: &#8378;115,00.<\/span><\/span> <small class=\"woocommerce-price-suffix\">Vergi dahil<\/small><\/span>\n<\/a><a href=\"\/index.php?rest_route=%2Fwp%2Fv2%2Fpages%2F1644&#038;add-to-cart=1867\" aria-describedby=\"woocommerce_loop_add_to_cart_link_describedby_1867\" data-quantity=\"1\" class=\"button product_type_simple add_to_cart_button ajax_add_to_cart\" data-product_id=\"1867\" data-product_sku=\"Hobiciler16\" aria-label=\"Sepete ekle: \u201cEpoksi Deniz Tema Fig\u00fcrleri (Deniz At\u0131, Deniz K\u0131z\u0131 Kuyru\u011fu, Deniz Y\u0131ld\u0131z\u0131) Kolye Kal\u0131b\u0131\u201d\" rel=\"nofollow\" data-success_message=\"&quot;Epoksi Deniz Tema Fig\u00fcrleri (Deniz At\u0131, Deniz K\u0131z\u0131 Kuyru\u011fu, Deniz Y\u0131ld\u0131z\u0131) Kolye Kal\u0131b\u0131&quot; sepetinize eklendi\" role=\"button\">Sepete Ekle<\/a>\t<span id=\"woocommerce_loop_add_to_cart_link_describedby_1867\" class=\"screen-reader-text\">\n\t\t\t<\/span>\n<\/li>\n<li class=\"product type-product post-1727 status-publish instock product_cat-epoksi-silikon-kaliplari product_cat-kolye-ve-anahtarlik-kaliplari product_tag-anahtarlik-kalibi product_tag-epoksi-recine product_tag-kupe-kalibi product_tag-magnet-kalibi product_tag-silikon-kalip has-post-thumbnail sale taxable shipping-taxable purchasable product-type-simple\">\n\t<a href=\"https:\/\/hobiciler.com\/?product=epoksi-coklu-kelebek-kolye-ve-anahtarlik-kalibi-4-cm-6-li-2\" class=\"woocommerce-LoopProduct-link woocommerce-loop-product__link\">\n\t<span class=\"onsale\" data-shape=\"type-1\">11% OFF<\/span>\n\t<img loading=\"lazy\" decoding=\"async\" width=\"300\" height=\"300\" src=\"https:\/\/hobiciler.com\/wp-content\/uploads\/2026\/04\/epoksi-coklu-kedi-figurleri-kolye-ve-anahtarlik-kalibi-8-li-7-640x640-1-300x300.jpg\" class=\"attachment-woocommerce_thumbnail size-woocommerce_thumbnail\" alt=\"Epoksi \u00c7oklu Kedi Fig\u00fcrleri Kolye Ve Anahtarl\u0131k Kal\u0131b\u0131 8 Li\" srcset=\"https:\/\/hobiciler.com\/wp-content\/uploads\/2026\/04\/epoksi-coklu-kedi-figurleri-kolye-ve-anahtarlik-kalibi-8-li-7-640x640-1-300x300.jpg 300w, https:\/\/hobiciler.com\/wp-content\/uploads\/2026\/04\/epoksi-coklu-kedi-figurleri-kolye-ve-anahtarlik-kalibi-8-li-7-640x640-1-150x150.jpg 150w, https:\/\/hobiciler.com\/wp-content\/uploads\/2026\/04\/epoksi-coklu-kedi-figurleri-kolye-ve-anahtarlik-kalibi-8-li-7-640x640-1-600x600.jpg 600w, https:\/\/hobiciler.com\/wp-content\/uploads\/2026\/04\/epoksi-coklu-kedi-figurleri-kolye-ve-anahtarlik-kalibi-8-li-7-640x640-1-100x100.jpg 100w, https:\/\/hobiciler.com\/wp-content\/uploads\/2026\/04\/epoksi-coklu-kedi-figurleri-kolye-ve-anahtarlik-kalibi-8-li-7-640x640-1.jpg 640w\" sizes=\"(max-width: 300px) 100vw, 300px\" \/><h2 class=\"woocommerce-loop-product__title\">Epoksi \u00c7oklu Kedi Fig\u00fcrleri Kolye Ve Anahtarl\u0131k Kal\u0131b\u0131 8 Li<\/h2>\n\t<span class=\"price\"><span class=\"sale-price\"><del aria-hidden=\"true\"><span class=\"woocommerce-Price-amount amount\"><bdi><span class=\"woocommerce-Price-currencySymbol\">&#8378;<\/span>140,00<\/bdi><\/span><\/del> <span class=\"screen-reader-text\">Orijinal fiyat: &#8378;140,00.<\/span><ins aria-hidden=\"true\"><span class=\"woocommerce-Price-amount amount\"><bdi><span class=\"woocommerce-Price-currencySymbol\">&#8378;<\/span>125,00<\/bdi><\/span><\/ins><span class=\"screen-reader-text\">\u015eu andaki fiyat: &#8378;125,00.<\/span><\/span> <small class=\"woocommerce-price-suffix\">Vergi dahil<\/small><\/span>\n<\/a><a href=\"\/index.php?rest_route=%2Fwp%2Fv2%2Fpages%2F1644&#038;add-to-cart=1727\" aria-describedby=\"woocommerce_loop_add_to_cart_link_describedby_1727\" data-quantity=\"1\" class=\"button product_type_simple add_to_cart_button ajax_add_to_cart\" data-product_id=\"1727\" data-product_sku=\"Hobiciler15\" aria-label=\"Sepete ekle: \u201cEpoksi \u00c7oklu Kedi Fig\u00fcrleri Kolye Ve Anahtarl\u0131k Kal\u0131b\u0131 8 Li\u201d\" rel=\"nofollow\" data-success_message=\"&quot;Epoksi \u00c7oklu Kedi Fig\u00fcrleri Kolye Ve Anahtarl\u0131k Kal\u0131b\u0131 8 Li&quot; sepetinize eklendi\" role=\"button\">Sepete Ekle<\/a>\t<span id=\"woocommerce_loop_add_to_cart_link_describedby_1727\" class=\"screen-reader-text\">\n\t\t\t<\/span>\n<\/li>\n<li class=\"product type-product post-1726 status-publish last instock product_cat-epoksi-silikon-kaliplari product_cat-kolye-ve-anahtarlik-kaliplari has-post-thumbnail sale taxable shipping-taxable purchasable product-type-simple\">\n\t<a href=\"https:\/\/hobiciler.com\/?product=epoksi-coklu-kelebek-kolye-ve-anahtarlik-kalibi-4-cm-6-li\" class=\"woocommerce-LoopProduct-link woocommerce-loop-product__link\">\n\t<span class=\"onsale\" data-shape=\"type-1\">9% OFF<\/span>\n\t<img loading=\"lazy\" decoding=\"async\" width=\"300\" height=\"300\" src=\"https:\/\/hobiciler.com\/wp-content\/uploads\/2026\/04\/epoksi-coklu-kelebek-kolye-ve-anahtarlik-kalibi-4-cm-6-li-640x640-1-300x300.jpg\" class=\"attachment-woocommerce_thumbnail size-woocommerce_thumbnail\" alt=\"Epoksi \u00c7oklu Kelebek Kolye ve Anahtarl\u0131k Kal\u0131b\u0131 4 CM 6 L\u0131\" srcset=\"https:\/\/hobiciler.com\/wp-content\/uploads\/2026\/04\/epoksi-coklu-kelebek-kolye-ve-anahtarlik-kalibi-4-cm-6-li-640x640-1-300x300.jpg 300w, https:\/\/hobiciler.com\/wp-content\/uploads\/2026\/04\/epoksi-coklu-kelebek-kolye-ve-anahtarlik-kalibi-4-cm-6-li-640x640-1-150x150.jpg 150w, https:\/\/hobiciler.com\/wp-content\/uploads\/2026\/04\/epoksi-coklu-kelebek-kolye-ve-anahtarlik-kalibi-4-cm-6-li-640x640-1-600x600.jpg 600w, https:\/\/hobiciler.com\/wp-content\/uploads\/2026\/04\/epoksi-coklu-kelebek-kolye-ve-anahtarlik-kalibi-4-cm-6-li-640x640-1-100x100.jpg 100w, https:\/\/hobiciler.com\/wp-content\/uploads\/2026\/04\/epoksi-coklu-kelebek-kolye-ve-anahtarlik-kalibi-4-cm-6-li-640x640-1.jpg 640w\" sizes=\"(max-width: 300px) 100vw, 300px\" \/><h2 class=\"woocommerce-loop-product__title\">Epoksi \u00c7oklu Kelebek Kolye ve Anahtarl\u0131k Kal\u0131b\u0131 4 CM 6 L\u0131<\/h2>\n\t<span class=\"price\"><span class=\"sale-price\"><del aria-hidden=\"true\"><span class=\"woocommerce-Price-amount amount\"><bdi><span class=\"woocommerce-Price-currencySymbol\">&#8378;<\/span>165,00<\/bdi><\/span><\/del> <span class=\"screen-reader-text\">Orijinal fiyat: &#8378;165,00.<\/span><ins aria-hidden=\"true\"><span class=\"woocommerce-Price-amount amount\"><bdi><span class=\"woocommerce-Price-currencySymbol\">&#8378;<\/span>150,00<\/bdi><\/span><\/ins><span class=\"screen-reader-text\">\u015eu andaki fiyat: &#8378;150,00.<\/span><\/span> <small class=\"woocommerce-price-suffix\">Vergi dahil<\/small><\/span>\n<\/a><a href=\"\/index.php?rest_route=%2Fwp%2Fv2%2Fpages%2F1644&#038;add-to-cart=1726\" aria-describedby=\"woocommerce_loop_add_to_cart_link_describedby_1726\" data-quantity=\"1\" class=\"button product_type_simple add_to_cart_button ajax_add_to_cart\" data-product_id=\"1726\" data-product_sku=\"Hobiciler14\" aria-label=\"Sepete ekle: \u201cEpoksi \u00c7oklu Kelebek Kolye ve Anahtarl\u0131k Kal\u0131b\u0131 4 CM 6 L\u0131\u201d\" rel=\"nofollow\" data-success_message=\"&quot;Epoksi \u00c7oklu Kelebek Kolye ve Anahtarl\u0131k Kal\u0131b\u0131 4 CM 6 L\u0131&quot; sepetinize eklendi\" role=\"button\">Sepete Ekle<\/a>\t<span id=\"woocommerce_loop_add_to_cart_link_describedby_1726\" class=\"screen-reader-text\">\n\t\t\t<\/span>\n<\/li>\n<\/ul>\n<\/div><\/div>\n\t\t\t\t\t\t<\/div>\n\t\t\t\t\t<\/div>\n\t\t\t\t<\/div>\n\t\t\t\t<\/div>\n\t\t","protected":false},"excerpt":{"rendered":"<p>Adres \u00dcsk\u00fcdar \/ \u0130stanbul E-Posta Adresi destek@hobiciler.com hobiciler.magaza@gmail.com \u0130leti\u015fim Numaras\u0131 +90 530 949 4774 Bize bir mesaj g\u00f6nderin Yeni Trend Olanlar Ma\u011fazaya G\u00f6z At\u0131n<\/p>\n","protected":false},"author":1,"featured_media":0,"parent":0,"menu_order":0,"comment_status":"closed","ping_status":"closed","template":"","meta":{"footnotes":""},"class_list":["post-1644","page","type-page","status-publish","hentry"],"blocksy_meta":{"styles_descriptor":{"styles":{"desktop":"","tablet":"","mobile":""},"google_fonts":[],"version":6},"has_hero_section":"default","vertical_spacing_source":"inherit","content_area_spacing":"none"},"_links":{"self":[{"href":"https:\/\/hobiciler.com\/index.php?rest_route=\/wp\/v2\/pages\/1644","targetHints":{"allow":["GET"]}}],"collection":[{"href":"https:\/\/hobiciler.com\/index.php?rest_route=\/wp\/v2\/pages"}],"about":[{"href":"https:\/\/hobiciler.com\/index.php?rest_route=\/wp\/v2\/types\/page"}],"author":[{"embeddable":true,"href":"https:\/\/hobiciler.com\/index.php?rest_route=\/wp\/v2\/users\/1"}],"replies":[{"embeddable":true,"href":"https:\/\/hobiciler.com\/index.php?rest_route=%2Fwp%2Fv2%2Fcomments&post=1644"}],"version-history":[{"count":7,"href":"https:\/\/hobiciler.com\/index.php?rest_route=\/wp\/v2\/pages\/1644\/revisions"}],"predecessor-version":[{"id":1793,"href":"https:\/\/hobiciler.com\/index.php?rest_route=\/wp\/v2\/pages\/1644\/revisions\/1793"}],"wp:attachment":[{"href":"https:\/\/hobiciler.com\/index.php?rest_route=%2Fwp%2Fv2%2Fmedia&parent=1644"}],"curies":[{"name":"wp","href":"https:\/\/api.w.org\/{rel}","templated":true}]}}