{"id":1683,"date":"2026-04-20T13:16:51","date_gmt":"2026-04-20T13:16:51","guid":{"rendered":"https:\/\/hobiciler.com\/product\/epoksi-silikon-kalip-kalp-model-kulluk-kalibi-9-5-cm\/"},"modified":"2026-04-20T14:53:47","modified_gmt":"2026-04-20T14:53:47","slug":"epoksi-silikon-kalip-kalp-model-kulluk-kalibi-9-5-cm","status":"publish","type":"product","link":"https:\/\/hobiciler.com\/?product=epoksi-silikon-kalip-kalp-model-kulluk-kalibi-9-5-cm","title":{"rendered":"Epoksi Silikon Kal\u0131p Kalp Model K\u00fcll\u00fck Kal\u0131b\u0131 9.5 CM"},"content":{"rendered":"<p style=\"margin:0px0px15px;background-attachment:scroll!important;font-family:Roboto;font-size:16px;font-style:normal;font-weight:400;letter-spacing:normal;text-transform:none;white-space:normal;text-align:left\">PAKETTEK\u0130 ADET : 1<\/p>\n<p style=\"margin:0px0px15px;background-attachment:scroll!important;font-family:Roboto;font-size:16px;font-style:normal;font-weight:400;letter-spacing:normal;text-transform:none;white-space:normal;text-align:left\">EBAT \u0130\u00e7ten \u0130\u00e7e  : 9,5X 6 Cm<\/p>\n<p style=\"margin:0px0px15px;background-attachment:scroll!important;font-family:Roboto;font-size:16px;font-style:normal;font-weight:400;letter-spacing:normal;text-transform:none;white-space:normal;text-align:left\">Epoksi re\u00e7ine silikon enjeksiyon kal\u0131plar \u0131s\u0131ya dayan\u0131kl\u0131 ve kolay ayr\u0131lan yani \u00fcr\u00fcn kuruduktan sonra \u00e7\u0131kart\u0131labilen.<\/p>\n<p style=\"margin:0px0px15px;background-attachment:scroll!important;font-family:Roboto;font-size:16px;font-style:normal;font-weight:400;letter-spacing:normal;text-transform:none;white-space:normal;text-align:left\">Epoksi re\u00e7ine 200 ila 300 derece aras\u0131nda s\u0131cak ortamda koruyabilen bir re\u00e7ine epoksi kal\u0131b\u0131d\u0131r.<\/p>\n","protected":false},"excerpt":{"rendered":"<p>PAKETTEK\u0130 ADET : 1 EBAT \u0130\u00e7ten \u0130\u00e7e : 9,5X 6 Cm Epoksi re\u00e7ine silikon enjeksiyon kal\u0131plar \u0131s\u0131ya dayan\u0131kl\u0131 ve kolay ayr\u0131lan yani \u00fcr\u00fcn kuruduktan sonra \u00e7\u0131kart\u0131labilen. Epoksi re\u00e7ine 200 ila 300 derece aras\u0131nda s\u0131cak ortamda koruyabilen bir re\u00e7ine epoksi kal\u0131b\u0131d\u0131r.<\/p>\n","protected":false},"featured_media":1682,"comment_status":"open","ping_status":"closed","template":"","meta":[],"product_brand":[],"product_cat":[26,27],"product_tag":[23,25,24],"class_list":{"0":"post-1683","1":"product","2":"type-product","3":"status-publish","4":"has-post-thumbnail","6":"product_cat-epoksi-silikon-kaliplari","7":"product_cat-kulluk-kaliplari","8":"product_tag-epoksi-recine","9":"product_tag-kulluk-kalibi","10":"product_tag-silikon-kalip","12":"first","13":"instock","14":"sale","15":"taxable","16":"shipping-taxable","17":"purchasable","18":"product-type-simple"},"_links":{"self":[{"href":"https:\/\/hobiciler.com\/index.php?rest_route=\/wp\/v2\/product\/1683","targetHints":{"allow":["GET"]}}],"collection":[{"href":"https:\/\/hobiciler.com\/index.php?rest_route=\/wp\/v2\/product"}],"about":[{"href":"https:\/\/hobiciler.com\/index.php?rest_route=\/wp\/v2\/types\/product"}],"replies":[{"embeddable":true,"href":"https:\/\/hobiciler.com\/index.php?rest_route=%2Fwp%2Fv2%2Fcomments&post=1683"}],"wp:featuredmedia":[{"embeddable":true,"href":"https:\/\/hobiciler.com\/index.php?rest_route=\/wp\/v2\/media\/1682"}],"wp:attachment":[{"href":"https:\/\/hobiciler.com\/index.php?rest_route=%2Fwp%2Fv2%2Fmedia&parent=1683"}],"wp:term":[{"taxonomy":"product_brand","embeddable":true,"href":"https:\/\/hobiciler.com\/index.php?rest_route=%2Fwp%2Fv2%2Fproduct_brand&post=1683"},{"taxonomy":"product_cat","embeddable":true,"href":"https:\/\/hobiciler.com\/index.php?rest_route=%2Fwp%2Fv2%2Fproduct_cat&post=1683"},{"taxonomy":"product_tag","embeddable":true,"href":"https:\/\/hobiciler.com\/index.php?rest_route=%2Fwp%2Fv2%2Fproduct_tag&post=1683"}],"curies":[{"name":"wp","href":"https:\/\/api.w.org\/{rel}","templated":true}]}}